{"id":678,"date":"2012-03-07T14:17:22","date_gmt":"2012-03-07T22:17:22","guid":{"rendered":"http:\/\/www.calcoastal.org\/?page_id=678"},"modified":"2018-02-14T16:01:56","modified_gmt":"2018-02-15T00:01:56","slug":"quienes-somos","status":"publish","type":"page","link":"https:\/\/www.calcoastal.org\/es\/quienes-somos\/","title":{"rendered":"Quienes Somos"},"content":{"rendered":"<p><strong>California Coastal Rural Development Corporation (Cal Coastal)<\/strong> es una corporaci\u00f3n sin fines de lucro de beneficio p\u00fablico conformada en California. Atiende las necesidades financieras de agricultores y empresas de peque\u00f1a escala. Por medio de nuestras oficinas localizadas en Salinas y Santa Mar\u00eda, la corporaci\u00f3n ofrece pr\u00e9stamos directos y garant\u00edas de pr\u00e9stamo a empresas establecidas en la Costa Central. Tiene una Mesa Directiva integrada por personas con base en la comunidad quienes guien la Corporacion. Los miembros de la Mesa Directiva y el Comit\u00e9 de Prestamos son empresarios locales y ejecutivos de bancos con experiencia en materia de cr\u00e9dito. Cal Coastal procura el financiamiento\u00a0 para estos instrumentos especializados de credito que conceden a los clientes la habilidad de ampliar sus negocios. Aunque atendamos\u00a0 a una gama amplia de sectores empresariales, nuestro primordial \u00e9nfasis por medio de todos nuestros programas es de proveer el capital necesario para que las empresas puedan crear empleos.<\/p>\n<p>Cal Coastal actualmente opera ocho (8) programas de pr\u00e9stamos que incluyen los siguientes: Programa de Pr\u00e9stamos para Agricultores;\u00a0 programa SBA 504; Programa de Micro-Prestamos SBA ; Programa de Sub-Pr\u00e9stamos\u00a0 de Intermediarios; Programa del Estado de California para Garant\u00eda de Pr\u00e9stamos; el Fondo Rotatorio para Prestamos del Condado de Monterey; Ventaja Comunitaria 7 (a) pr\u00e9stamo y Fondo de Limpieza de Tanques de Almacenamiento Subterr\u00e1neo.\u00a0\u00a0 Los pr\u00e9stamos son a partir de un minimo de $$5,000 hasta un m\u00e1ximo de\u00a0 $5,000,000. Los fondos pueden ser utilizados para la compra de fincas, maquinaria y equipo, inventario, o para capital de trabajo.<\/p>\n","protected":false},"excerpt":{"rendered":"<p>California Coastal Rural Development Corporation (Cal Coastal) es una corporaci\u00f3n sin fines de lucro de beneficio p\u00fablico conformada en California. Atiende las necesidades financieras de agricultores y empresas de peque\u00f1a escala. Por medio de nuestras oficinas localizadas en Salinas y Santa Mar\u00eda, la corporaci\u00f3n ofrece pr\u00e9stamos directos y garant\u00edas de pr\u00e9stamo a empresas establecidas en [&hellip;]<\/p>\n","protected":false},"author":1,"featured_media":0,"parent":0,"menu_order":2,"comment_status":"open","ping_status":"open","template":"","meta":{"_acf_changed":false,"footnotes":"","_links_to":"","_links_to_target":""},"class_list":["post-678","page","type-page","status-publish","hentry"],"acf":[],"aioseo_notices":[],"_links":{"self":[{"href":"https:\/\/www.calcoastal.org\/es\/wp-json\/wp\/v2\/pages\/678","targetHints":{"allow":["GET"]}}],"collection":[{"href":"https:\/\/www.calcoastal.org\/es\/wp-json\/wp\/v2\/pages"}],"about":[{"href":"https:\/\/www.calcoastal.org\/es\/wp-json\/wp\/v2\/types\/page"}],"author":[{"embeddable":true,"href":"https:\/\/www.calcoastal.org\/es\/wp-json\/wp\/v2\/users\/1"}],"replies":[{"embeddable":true,"href":"https:\/\/www.calcoastal.org\/es\/wp-json\/wp\/v2\/comments?post=678"}],"version-history":[{"count":2,"href":"https:\/\/www.calcoastal.org\/es\/wp-json\/wp\/v2\/pages\/678\/revisions"}],"predecessor-version":[{"id":2017,"href":"https:\/\/www.calcoastal.org\/es\/wp-json\/wp\/v2\/pages\/678\/revisions\/2017"}],"wp:attachment":[{"href":"https:\/\/www.calcoastal.org\/es\/wp-json\/wp\/v2\/media?parent=678"}],"curies":[{"name":"wp","href":"https:\/\/api.w.org\/{rel}","templated":true}]}}