{"id":710,"date":"2012-03-09T09:15:54","date_gmt":"2012-03-09T17:15:54","guid":{"rendered":"http:\/\/www.calcoastal.org\/?page_id=710"},"modified":"2024-02-06T09:59:30","modified_gmt":"2024-02-06T17:59:30","slug":"testimonios","status":"publish","type":"page","link":"https:\/\/www.calcoastal.org\/es\/testimonios\/","title":{"rendered":"Testimonios"},"content":{"rendered":"<table border=\"0\">\n<tbody>\n<tr>\n<td>\n<h2><\/h2>\n<p><img loading=\"lazy\" decoding=\"async\" class=\"alignleft\" title=\"IMG_1285\" src=\"http:\/\/www.calcoastal.org\/wp-content\/uploads\/2011\/06\/IMG_1285-300x225.jpg\" alt=\"\" width=\"300\" height=\"225\" \/><\/p>\n<h2>\u00c1lvarez Technology, Salinas, Ca.<\/h2>\n<p>&#8220;El pr\u00e9stamo SBA 504 que recibimos por medio de Cal Coastal nos ayud\u00f3 realizar nuestro sue\u00f1o en la compra de un edificio suficiente grande para albergar el r\u00e1pido crecimiento de esta empresa. Desde que nos habitarnos, hemos aumentado m\u00e1s personal sin preocuparnos de no tener el \u00a0espacio, al mismo tiempo creamos un espacio que resulta en que los empleados quer\u00edan venir a trabajar todos los d\u00edas. \u00a0Cal Coastal trabaj\u00f3 con el banco y con el SBA en nuestro nombre que el \u00a0proceso fue suave y r\u00e1pido.&#8221;<\/p>\n<p>&#8211; Luis Alvarez<\/p>\n<p>&nbsp;<\/p>\n<p>&nbsp;<\/td>\n<\/tr>\n<tr>\n<td><\/td>\n<\/tr>\n<tr>\n<td><a href=\"http:\/\/www.ksbw.com\/news\/25342921\/detail.html\"><img loading=\"lazy\" decoding=\"async\" class=\"alignleft\" title=\"Watch Video\" src=\"http:\/\/www.calcoastal.org\/wp-content\/uploads\/2011\/06\/john-300x179.jpg\" alt=\"\" width=\"300\" height=\"179\" \/><\/a><\/p>\n<h2>JAVEA Corporation, Monterey &#8211; Ca.<\/h2>\n<p><a href=\"http:\/\/www.ksbw.com\/news\/25342921\/detail.html\" target=\"_blank\" rel=\"noopener\">Comerciante se convierte en Empresario del A\u00f1o: Hombre de Monterey sale de jubilaci\u00f3n para crear puestos de trabajo.<\/a><\/td>\n<\/tr>\n<tr>\n<td>\n<h2><\/h2>\n<p>&nbsp;<\/p>\n<h2><a href=\"http:\/\/www.calcoastal.org\/wp-content\/uploads\/2011\/06\/zoom-room-web-photo1.jpg\"><img loading=\"lazy\" decoding=\"async\" class=\"alignleft size-full wp-image-639\" style=\"float: left;\" title=\"zoom-room web photo\" src=\"http:\/\/www.calcoastal.org\/wp-content\/uploads\/2011\/06\/zoom-room-web-photo1.jpg\" alt=\"\" width=\"300\" height=\"225\" \/><\/a>Zoom Room, Monterey- Ca.<\/h2>\n<p>\u201cFue un placer trabajar con el personal de Cal Coastal para obtener mi pr\u00e9stamo. \u00a0Carole Cook, Oficial de Prestamos, manejo la documentaci\u00f3n requerida en una manera experta. \u00a0Yo, definitivamente pienso regresar a Cal Coastal \u00a0en el futuro.\u201d<\/p>\n<p>&#8211; Ratna Anagol<\/td>\n<\/tr>\n<\/tbody>\n<\/table>\n","protected":false},"excerpt":{"rendered":"<p>\u00c1lvarez Technology, Salinas, Ca. &#8220;El pr\u00e9stamo SBA 504 que recibimos por medio de Cal Coastal nos ayud\u00f3 realizar nuestro sue\u00f1o en la compra de un edificio suficiente grande para albergar el r\u00e1pido crecimiento de esta empresa. Desde que nos habitarnos, hemos aumentado m\u00e1s personal sin preocuparnos de no tener el \u00a0espacio, al mismo tiempo creamos [&hellip;]<\/p>\n","protected":false},"author":1,"featured_media":0,"parent":0,"menu_order":5,"comment_status":"open","ping_status":"open","template":"","meta":{"_acf_changed":false,"footnotes":"","_links_to":"","_links_to_target":""},"class_list":["post-710","page","type-page","status-publish","hentry"],"acf":[],"aioseo_notices":[],"_links":{"self":[{"href":"https:\/\/www.calcoastal.org\/es\/wp-json\/wp\/v2\/pages\/710","targetHints":{"allow":["GET"]}}],"collection":[{"href":"https:\/\/www.calcoastal.org\/es\/wp-json\/wp\/v2\/pages"}],"about":[{"href":"https:\/\/www.calcoastal.org\/es\/wp-json\/wp\/v2\/types\/page"}],"author":[{"embeddable":true,"href":"https:\/\/www.calcoastal.org\/es\/wp-json\/wp\/v2\/users\/1"}],"replies":[{"embeddable":true,"href":"https:\/\/www.calcoastal.org\/es\/wp-json\/wp\/v2\/comments?post=710"}],"version-history":[{"count":1,"href":"https:\/\/www.calcoastal.org\/es\/wp-json\/wp\/v2\/pages\/710\/revisions"}],"predecessor-version":[{"id":3047,"href":"https:\/\/www.calcoastal.org\/es\/wp-json\/wp\/v2\/pages\/710\/revisions\/3047"}],"wp:attachment":[{"href":"https:\/\/www.calcoastal.org\/es\/wp-json\/wp\/v2\/media?parent=710"}],"curies":[{"name":"wp","href":"https:\/\/api.w.org\/{rel}","templated":true}]}}