{"id":726,"date":"2012-03-09T09:22:34","date_gmt":"2012-03-09T17:22:34","guid":{"rendered":"http:\/\/www.calcoastal.org\/?page_id=726"},"modified":"2024-05-31T11:32:21","modified_gmt":"2024-05-31T18:32:21","slug":"prestamos-para-agricultores","status":"publish","type":"page","link":"https:\/\/www.calcoastal.org\/es\/programas-de-prestamo\/prestamos-para-agricultores\/","title":{"rendered":"Pr\u00e9stamos para Agricultores"},"content":{"rendered":"<h2>Pr\u00e9stamo Agr\u00edcola | <a href=\"http:\/\/www.calcoastal.org\/loan-programs\/farm-loan\/\">Farm Loan<\/a><\/h2>\n<p><strong>Descripci\u00f3n<\/strong><br \/>\nCapital operativo y pr\u00e9stamos\u00a0 hipotecarios para campo agr\u00edcola familiar elegible para garant\u00eda de\u00a0 U.S.D.A. Agencia de Servicios Agr\u00edcolas (FSA por las siglas en ingles, Farm Services Agency).<\/p>\n<p><strong>Usos Permitidos de los Fondos<\/strong><br \/>\nProducci\u00f3n de cultivos, costos de cosecha, costo de propiedad del terreno agr\u00edcola, mejoramientos del campo agr\u00edcola, o adquisici\u00f3n (compra) de\u00a0 equipo.<\/p>\n<p><strong>Requisitos\/Calificaci\u00f3n<\/strong><br \/>\nElegible como campo agr\u00edcola familiar calificado por la FSA oficina de Prestamos.<\/p>\n<p>M\u00ednimo y M\u00e1xima Cantidad de Pr\u00e9stamo<br \/>\nDesde $10,000 hasta $2,236,000, monto m\u00e1ximo sujeto a ajustes anuales por U.S.D.A.<\/p>\n<p><strong>Vencimiento de Pr\u00e9stamo<\/strong><br \/>\nDependiendo del prop\u00f3sito del pr\u00e9stamo, pr\u00e9stamos de operaci\u00f3n del negocio generalmente tienen de plazo entre 12-18 meses. El plazo de pr\u00e9stamos para bienes ra\u00edces pueden tener hasta un m\u00e1ximo de 30 a\u00f1os.<\/p>\n<p><strong>Garant\u00eda del Pr\u00e9stamo<\/strong><br \/>\nBienes disponibles de la empresa y bienes particulares del propietario incluyendo maquinaria y equipo, cuentas activas, inventario y bienes de propiedad.<\/p>\n<p><strong>Cuotas\/Gastos<\/strong><br \/>\nEl 3.35% del valor del pr\u00e9stamo, m\u00e1s los costos de registro y legalizaci\u00f3n del cr\u00e9dito y las garant\u00edas.<\/p>\n<p>&nbsp;<\/p>\n<p><img loading=\"lazy\" decoding=\"async\" class=\"alignright size-medium wp-image-74\" title=\"farm1\" src=\"http:\/\/www.calcoastal.org\/wp-content\/uploads\/2011\/06\/farm1-300x225.jpg\" alt=\"\" width=\"300\" height=\"225\" srcset=\"https:\/\/www.calcoastal.org\/wp-content\/uploads\/2011\/06\/farm1-300x225.jpg 300w, https:\/\/www.calcoastal.org\/wp-content\/uploads\/2011\/06\/farm1.jpg 640w\" sizes=\"auto, (max-width: 300px) 100vw, 300px\" \/><\/p>\n<p><strong>Francisco Contreras de Big F Farming Company,\u00a0 Inc.<\/strong>\u00a0\u00a0 Hemos asistido a Francisco con sus necesidades de financiamiento por medio de nuestro programa de Pr\u00e9stamo Directo para\u00a0 Campos Agr\u00edcolas, el cual esta facilitado por medio del USDA Agencia de Servicio al Agricultor (FSA).\u00a0 En la foto Francisco explica su pr\u00e1ctica de cultivo de fresa.<\/p>\n<h2>Application<\/h2>\n<ul>\n<li><strong><a href=\"https:\/\/www.calcoastal.org\/wp-content\/uploads\/2024\/02\/Complete-Application-1-10-2024.pdf\" target=\"_blank\" rel=\"noopener\">Complete Application 1-10-2024<\/a><\/strong><\/li>\n<li><a href=\"https:\/\/www.calcoastal.org\/wp-content\/uploads\/2019\/02\/8-Estado-Financiero-Personal.doc\" target=\"_blank\" rel=\"noopener\">Estado Financiero Personal<\/a><\/li>\n<\/ul>\n","protected":false},"excerpt":{"rendered":"<p>Pr\u00e9stamo Agr\u00edcola | Farm Loan Descripci\u00f3n Capital operativo y pr\u00e9stamos\u00a0 hipotecarios para campo agr\u00edcola familiar elegible para garant\u00eda de\u00a0 U.S.D.A. Agencia de Servicios Agr\u00edcolas (FSA por las siglas en ingles, Farm Services Agency). Usos Permitidos de los Fondos Producci\u00f3n de cultivos, costos de cosecha, costo de propiedad del terreno agr\u00edcola, mejoramientos del campo agr\u00edcola, o [&hellip;]<\/p>\n","protected":false},"author":1,"featured_media":0,"parent":708,"menu_order":8,"comment_status":"open","ping_status":"open","template":"","meta":{"_acf_changed":false,"footnotes":"","_links_to":"","_links_to_target":""},"class_list":["post-726","page","type-page","status-publish","hentry"],"acf":[],"aioseo_notices":[],"_links":{"self":[{"href":"https:\/\/www.calcoastal.org\/es\/wp-json\/wp\/v2\/pages\/726","targetHints":{"allow":["GET"]}}],"collection":[{"href":"https:\/\/www.calcoastal.org\/es\/wp-json\/wp\/v2\/pages"}],"about":[{"href":"https:\/\/www.calcoastal.org\/es\/wp-json\/wp\/v2\/types\/page"}],"author":[{"embeddable":true,"href":"https:\/\/www.calcoastal.org\/es\/wp-json\/wp\/v2\/users\/1"}],"replies":[{"embeddable":true,"href":"https:\/\/www.calcoastal.org\/es\/wp-json\/wp\/v2\/comments?post=726"}],"version-history":[{"count":13,"href":"https:\/\/www.calcoastal.org\/es\/wp-json\/wp\/v2\/pages\/726\/revisions"}],"predecessor-version":[{"id":3417,"href":"https:\/\/www.calcoastal.org\/es\/wp-json\/wp\/v2\/pages\/726\/revisions\/3417"}],"up":[{"embeddable":true,"href":"https:\/\/www.calcoastal.org\/es\/wp-json\/wp\/v2\/pages\/708"}],"wp:attachment":[{"href":"https:\/\/www.calcoastal.org\/es\/wp-json\/wp\/v2\/media?parent=726"}],"curies":[{"name":"wp","href":"https:\/\/api.w.org\/{rel}","templated":true}]}}