{"id":728,"date":"2012-03-09T09:23:06","date_gmt":"2012-03-09T17:23:06","guid":{"rendered":"http:\/\/www.calcoastal.org\/?page_id=728"},"modified":"2024-02-06T10:55:50","modified_gmt":"2024-02-06T18:55:50","slug":"micro-prestamos","status":"publish","type":"page","link":"https:\/\/www.calcoastal.org\/es\/programas-de-prestamo\/micro-prestamos\/","title":{"rendered":"Micro Pre\u0301stamos"},"content":{"rendered":"<h2>Micro-Pr\u00e9stamo<\/h2>\n<p><strong>DESCRIPCION<\/strong><br \/>\nCr\u00e9dito y asistencia t\u00e9cnica para empresas de peque\u00f1a escala, sean nuevas o ya establecidas y en proceso de expanci\u00f3n.<\/p>\n<p><strong>USO DE FONDOS<\/strong><br \/>\nInventario, cuentas activas, maquinaria y equipo, mejoramientos a propiedad alquilada, y capital de trabajo.<\/p>\n<p><strong>REQUISITOS\/COMO CALIFICAR<\/strong><br \/>\nEl Programa de Micro-Cr\u00e9dito presta a empresas de peque\u00f1a escala, sean nuevas o ya establecidas y en proceso de expanci\u00f3n. Se presta para financiar el inicio de negocio o expanci\u00f3n del mismo.<\/p>\n<p><strong>VALOR DE CANTIDADES MINIMAS Y MAXIMAS<\/strong><br \/>\nDesde $5,000 hasta $50,000, sujetos a modificaciones de costos por el SBA<\/p>\n<p><strong>VENCIMIENTO DE PRESTAMO<\/strong><br \/>\nLos plazos de pr\u00e9stamo pueden ser desde uno hasta a seis a\u00f1os.<\/p>\n<p><strong>TAZA DEL REDITO\/INTERES<\/strong><br \/>\nLa taza del r\u00e9dito est\u00e1 ligada a la base prima, y puede variar seg\u00fan la evaluaci\u00f3n del cr\u00e9dito del prestatario.<\/p>\n<p><strong>GARANTIAS DEL PRESTAMO<\/strong><br \/>\nSer\u00e1n gravadas y especificadas seg\u00fan la valuaci\u00f3n de propiedad del negocio o personal del due\u00f1o, incluyendo maquinaria y equipo de trabajo, cuentas activas, inventario y bienes y ra\u00edces (propiedad).<\/p>\n<p><strong>CARGOS\/COSTOS<\/strong><br \/>\n$250 por cargos de documentaci\u00f3n, m\u00e1s los costos de registro y legalizaci\u00f3n del cr\u00e9dito y las garant\u00edas.<\/p>\n<h2>Solicitud<\/h2>\n<ul>\n<li><strong><a href=\"http:\/\/www.calcoastal.org\/wp-content\/uploads\/2011\/06\/SBA-Micro_IRP_Full.pdf\"><span style=\"color: #003366;\"><a href=\"https:\/\/www.calcoastal.org\/wp-content\/uploads\/2024\/02\/Complete-Application-1-10-2024.pdf\" target=\"_blank\" rel=\"noopener\">Complete Application 1-10-2024<\/a><\/span><\/a><\/strong><\/li>\n<\/ul>\n","protected":false},"excerpt":{"rendered":"<p>Micro-Pr\u00e9stamo DESCRIPCION Cr\u00e9dito y asistencia t\u00e9cnica para empresas de peque\u00f1a escala, sean nuevas o ya establecidas y en proceso de expanci\u00f3n. USO DE FONDOS Inventario, cuentas activas, maquinaria y equipo, mejoramientos a propiedad alquilada, y capital de trabajo. REQUISITOS\/COMO CALIFICAR El Programa de Micro-Cr\u00e9dito presta a empresas de peque\u00f1a escala, sean nuevas o ya establecidas [&hellip;]<\/p>\n","protected":false},"author":1,"featured_media":0,"parent":708,"menu_order":9,"comment_status":"open","ping_status":"open","template":"","meta":{"_acf_changed":false,"footnotes":"","_links_to":"","_links_to_target":""},"class_list":["post-728","page","type-page","status-publish","hentry"],"acf":[],"aioseo_notices":[],"_links":{"self":[{"href":"https:\/\/www.calcoastal.org\/es\/wp-json\/wp\/v2\/pages\/728","targetHints":{"allow":["GET"]}}],"collection":[{"href":"https:\/\/www.calcoastal.org\/es\/wp-json\/wp\/v2\/pages"}],"about":[{"href":"https:\/\/www.calcoastal.org\/es\/wp-json\/wp\/v2\/types\/page"}],"author":[{"embeddable":true,"href":"https:\/\/www.calcoastal.org\/es\/wp-json\/wp\/v2\/users\/1"}],"replies":[{"embeddable":true,"href":"https:\/\/www.calcoastal.org\/es\/wp-json\/wp\/v2\/comments?post=728"}],"version-history":[{"count":7,"href":"https:\/\/www.calcoastal.org\/es\/wp-json\/wp\/v2\/pages\/728\/revisions"}],"predecessor-version":[{"id":3059,"href":"https:\/\/www.calcoastal.org\/es\/wp-json\/wp\/v2\/pages\/728\/revisions\/3059"}],"up":[{"embeddable":true,"href":"https:\/\/www.calcoastal.org\/es\/wp-json\/wp\/v2\/pages\/708"}],"wp:attachment":[{"href":"https:\/\/www.calcoastal.org\/es\/wp-json\/wp\/v2\/media?parent=728"}],"curies":[{"name":"wp","href":"https:\/\/api.w.org\/{rel}","templated":true}]}}