{"id":731,"date":"2012-03-09T09:25:19","date_gmt":"2012-03-09T17:25:19","guid":{"rendered":"http:\/\/www.calcoastal.org\/?page_id=731"},"modified":"2024-02-06T10:56:29","modified_gmt":"2024-02-06T18:56:29","slug":"intermediario-de-prestamos","status":"publish","type":"page","link":"https:\/\/www.calcoastal.org\/es\/programas-de-prestamo\/intermediario-de-prestamos\/","title":{"rendered":"Intermediario de Prestamos"},"content":{"rendered":"<h2>Programa Intermediario de Pr\u00e9stamos<\/h2>\n<p><strong>DESCRIPCION<\/strong><br \/>\nPr\u00e9stamos de negocio en zonas rurales.<\/p>\n<p><strong>USO DE FONDOS<\/strong><br \/>\nCapital de trabajo, adquisici\u00f3n de equipo, inventario y mejoramientos de las instalaciones.<\/p>\n<p><strong>REQUISITOS<\/strong><br \/>\nEl negocio debe de estar localizado en \u00e1reas no-incorporadas o en un pueblo o ciudad con una poblaci\u00f3n de 50,000 o menos habitantes.<\/p>\n<p><strong>CANTIDADES MINIMAS Y MAXIMAS<\/strong><br \/>\nDesde $25,000 hasta $250,000.<\/p>\n<p><strong>VENCIMIENTO DE PRESTAMO<\/strong><br \/>\n7 a\u00f1os a pr\u00e9stamos por equipo o capital de trabajo; 15 a\u00f1os para bienes ra\u00edces\/propiedad.<\/p>\n<p><strong>TAZA DE REDITO DE INTERESES BANCARIOS<\/strong><br \/>\nLa taza de los r\u00e9ditos est\u00e1 ligada a la base prima, y puede variar seg\u00fan la evaluaci\u00f3n de cr\u00e9dito del prestatario.<\/p>\n<p><strong>GARANTIAS PARA PRESTAMO<\/strong><br \/>\nSe gravan activos disponibles del negocio y activos personales del due\u00f1o, incluyendo maquinaria y equipo, cuentas activas, inventario y bienes ra\u00edces \/propiedad.<\/p>\n<p><strong>CUOTAS\/GASTOS<\/strong><br \/>\nPreestablecido en 2.50%\u00a0 de la cantidad del pr\u00e9stamo.<\/p>\n<p><img loading=\"lazy\" decoding=\"async\" class=\"alignright size-medium wp-image-98\" title=\"CalScale - Intermediary Loans\" src=\"http:\/\/www.calcoastal.org\/wp-content\/uploads\/2011\/06\/intermediary1-300x225.jpg\" alt=\"Logo for CalScale\" width=\"300\" height=\"225\" srcset=\"https:\/\/www.calcoastal.org\/wp-content\/uploads\/2011\/06\/intermediary1-300x225.jpg 300w, https:\/\/www.calcoastal.org\/wp-content\/uploads\/2011\/06\/intermediary1.jpg 640w\" sizes=\"auto, (max-width: 300px) 100vw, 300px\" \/>CalScale, LLC fue establecida por Kevin Flanigan en Agosto de 2007. La empresa provee toda clase de equipos industriales de peso y medidas, desde la instalaci\u00f3n, inspecci\u00f3n, calibraci\u00f3n, reparaci\u00f3n y mantenimiento del equipo. Kevin vino a Cal Coastal para asistencia en financiar el equipo y la cotizaci\u00f3n de costos. Por medio de nuestro Programa Intermediario de Pr\u00e9stanos (IRP por las siglas en ingl\u00e9s) pudimos asistir a Kevin a realizar su sue\u00f1o para comenzar su propio negocio. Actualmente est\u00e1 ahora en su tercer a\u00f1o de operaciones y se encuentra muy orgulloso de su expanci\u00f3n y negocio muy\u00a0 rentable.<\/p>\n<p>&nbsp;<\/p>\n<h2>Solicitud<\/h2>\n<ul>\n<li><strong><a href=\"http:\/\/www.calcoastal.org\/wp-content\/uploads\/2011\/06\/SBA-Micro_IRP_Full.pdf\"><span style=\"color: #003366;\"><a href=\"https:\/\/www.calcoastal.org\/wp-content\/uploads\/2024\/02\/Complete-Application-1-10-2024.pdf\" target=\"_blank\" rel=\"noopener\">Complete Application 1-10-2024<\/a><\/span><\/a><a href=\"https:\/\/www.calcoastal.org\/wp-content\/uploads\/2021\/07\/Complete-Application-07-21-21.pdf\" target=\"_blank\" rel=\"noopener\">\u00a0<\/a><\/strong><\/li>\n<\/ul>\n<p>&nbsp;<\/p>\n","protected":false},"excerpt":{"rendered":"<p>Programa Intermediario de Pr\u00e9stamos DESCRIPCION Pr\u00e9stamos de negocio en zonas rurales. USO DE FONDOS Capital de trabajo, adquisici\u00f3n de equipo, inventario y mejoramientos de las instalaciones. REQUISITOS El negocio debe de estar localizado en \u00e1reas no-incorporadas o en un pueblo o ciudad con una poblaci\u00f3n de 50,000 o menos habitantes. CANTIDADES MINIMAS Y MAXIMAS Desde [&hellip;]<\/p>\n","protected":false},"author":1,"featured_media":0,"parent":708,"menu_order":10,"comment_status":"open","ping_status":"open","template":"","meta":{"_acf_changed":false,"footnotes":"","_links_to":"","_links_to_target":""},"class_list":["post-731","page","type-page","status-publish","hentry"],"acf":[],"aioseo_notices":[],"_links":{"self":[{"href":"https:\/\/www.calcoastal.org\/es\/wp-json\/wp\/v2\/pages\/731","targetHints":{"allow":["GET"]}}],"collection":[{"href":"https:\/\/www.calcoastal.org\/es\/wp-json\/wp\/v2\/pages"}],"about":[{"href":"https:\/\/www.calcoastal.org\/es\/wp-json\/wp\/v2\/types\/page"}],"author":[{"embeddable":true,"href":"https:\/\/www.calcoastal.org\/es\/wp-json\/wp\/v2\/users\/1"}],"replies":[{"embeddable":true,"href":"https:\/\/www.calcoastal.org\/es\/wp-json\/wp\/v2\/comments?post=731"}],"version-history":[{"count":11,"href":"https:\/\/www.calcoastal.org\/es\/wp-json\/wp\/v2\/pages\/731\/revisions"}],"predecessor-version":[{"id":3060,"href":"https:\/\/www.calcoastal.org\/es\/wp-json\/wp\/v2\/pages\/731\/revisions\/3060"}],"up":[{"embeddable":true,"href":"https:\/\/www.calcoastal.org\/es\/wp-json\/wp\/v2\/pages\/708"}],"wp:attachment":[{"href":"https:\/\/www.calcoastal.org\/es\/wp-json\/wp\/v2\/media?parent=731"}],"curies":[{"name":"wp","href":"https:\/\/api.w.org\/{rel}","templated":true}]}}