{"id":733,"date":"2012-03-09T09:25:55","date_gmt":"2012-03-09T17:25:55","guid":{"rendered":"http:\/\/www.calcoastal.org\/?page_id=733"},"modified":"2024-02-06T10:57:07","modified_gmt":"2024-02-06T18:57:07","slug":"prestamos-recurrentes-del-condado-de-monterey","status":"publish","type":"page","link":"https:\/\/www.calcoastal.org\/es\/programas-de-prestamo\/prestamos-recurrentes-del-condado-de-monterey\/","title":{"rendered":"Prestamos Recurrentes del Condado de Monterey"},"content":{"rendered":"<h2>Prestamos Recurrentes del Condado de Monterey<\/h2>\n<p><strong>DESCRIPCION<\/strong><br \/>\nPr\u00e9stamos para negocios localizados solamente en el Condado de Monterey.<\/p>\n<p><strong>USO DE FONDOS<\/strong><br \/>\nInventario, muebles, Instalaciones, Mejoras del hogar, Equipo, Capital de Trabajo o Adquisici\u00f3n de Negocio.<\/p>\n<p><strong>REQUISITOS<\/strong><br \/>\nEl Negocio\/Empresa debe de estar en el Condado de Monterey. El Pr\u00e9stamo debe de cumplir con criterio de empleos o creados o conservados por cada $20,000 prestado.<\/p>\n<p><strong>MINIMA Y MAXIMA CANTIDAD<\/strong><br \/>\n$5,000 A $250,000, Dependiendo\u00a0 del lugar geogr\u00e1fico dentro del Condado.<\/p>\n<p><strong>VENCIMIENTO DE PRESTAMO<\/strong><br \/>\nEl plazo puede ser hasta 25 a\u00f1os para Bienes Ra\u00edces\/Propiedad; hasta 10 a\u00f1os para equipo; y hasta 5 a\u00f1os para Capital de Trabajo.<\/p>\n<p><strong>TAZA DE REDITO\/ INTERES<\/strong><br \/>\nLa taza del r\u00e9dito est\u00e1 ligada a la base prima, y puede variar seg\u00fan la evaluaci\u00f3n de cr\u00e9dito<\/p>\n<h2>Solicitud<\/h2>\n<ul>\n<li><strong><a href=\"http:\/\/www.calcoastal.org\/wp-content\/uploads\/2011\/06\/SBA-Micro_IRP_Full.pdf\"><span style=\"color: #003366;\"><a href=\"https:\/\/www.calcoastal.org\/wp-content\/uploads\/2024\/02\/Complete-Application-1-10-2024.pdf\" target=\"_blank\" rel=\"noopener\">Complete Application 1-10-2024<\/a><\/span><\/a><\/strong><\/li>\n<\/ul>\n<p>&nbsp;<\/p>\n<h2>\u00a0Noticias<\/h2>\n<p><a href=\"http:\/\/www.ksbw.com\/news\/25342921\/detail.html\"><img loading=\"lazy\" decoding=\"async\" class=\"alignnone size-medium wp-image-277\" title=\"Watch Video\" src=\"http:\/\/www.calcoastal.org\/wp-content\/uploads\/2011\/06\/john-300x179.jpg\" alt=\"\" width=\"300\" height=\"179\" srcset=\"https:\/\/www.calcoastal.org\/wp-content\/uploads\/2011\/06\/john-300x179.jpg 300w, https:\/\/www.calcoastal.org\/wp-content\/uploads\/2011\/06\/john.jpg 492w\" sizes=\"auto, (max-width: 300px) 100vw, 300px\" \/><\/a><\/p>\n<p><a href=\"http:\/\/www.ksbw.com\/news\/25342921\/detail.html\" target=\"_blank\" rel=\"noopener noreferrer\">Businessman Becomes Entrepreneur Of The Year: Monterey Man Came Out Of Retirement To Create Jobs<\/a><\/p>\n","protected":false},"excerpt":{"rendered":"<p>Prestamos Recurrentes del Condado de Monterey DESCRIPCION Pr\u00e9stamos para negocios localizados solamente en el Condado de Monterey. USO DE FONDOS Inventario, muebles, Instalaciones, Mejoras del hogar, Equipo, Capital de Trabajo o Adquisici\u00f3n de Negocio. REQUISITOS El Negocio\/Empresa debe de estar en el Condado de Monterey. El Pr\u00e9stamo debe de cumplir con criterio de empleos o [&hellip;]<\/p>\n","protected":false},"author":1,"featured_media":0,"parent":708,"menu_order":11,"comment_status":"open","ping_status":"open","template":"","meta":{"_acf_changed":false,"footnotes":"","_links_to":"","_links_to_target":""},"class_list":["post-733","page","type-page","status-publish","hentry"],"acf":[],"aioseo_notices":[],"_links":{"self":[{"href":"https:\/\/www.calcoastal.org\/es\/wp-json\/wp\/v2\/pages\/733","targetHints":{"allow":["GET"]}}],"collection":[{"href":"https:\/\/www.calcoastal.org\/es\/wp-json\/wp\/v2\/pages"}],"about":[{"href":"https:\/\/www.calcoastal.org\/es\/wp-json\/wp\/v2\/types\/page"}],"author":[{"embeddable":true,"href":"https:\/\/www.calcoastal.org\/es\/wp-json\/wp\/v2\/users\/1"}],"replies":[{"embeddable":true,"href":"https:\/\/www.calcoastal.org\/es\/wp-json\/wp\/v2\/comments?post=733"}],"version-history":[{"count":7,"href":"https:\/\/www.calcoastal.org\/es\/wp-json\/wp\/v2\/pages\/733\/revisions"}],"predecessor-version":[{"id":3061,"href":"https:\/\/www.calcoastal.org\/es\/wp-json\/wp\/v2\/pages\/733\/revisions\/3061"}],"up":[{"embeddable":true,"href":"https:\/\/www.calcoastal.org\/es\/wp-json\/wp\/v2\/pages\/708"}],"wp:attachment":[{"href":"https:\/\/www.calcoastal.org\/es\/wp-json\/wp\/v2\/media?parent=733"}],"curies":[{"name":"wp","href":"https:\/\/api.w.org\/{rel}","templated":true}]}}