{"id":774,"date":"2012-03-12T09:33:01","date_gmt":"2012-03-12T16:33:01","guid":{"rendered":"http:\/\/www.calcoastal.org\/?page_id=774"},"modified":"2018-06-06T08:23:44","modified_gmt":"2018-06-06T15:23:44","slug":"personal","status":"publish","type":"page","link":"https:\/\/www.calcoastal.org\/es\/quienes-somos\/personal\/","title":{"rendered":"Personal"},"content":{"rendered":"<table style=\"width: 100%;\" border=\"0\" cellspacing=\"0\" cellpadding=\"0\">\n<tbody>\n<tr>\n<td valign=\"top\">\n<div id=\"attachment_126\" style=\"width: 144px\" class=\"wp-caption alignnone\"><img loading=\"lazy\" decoding=\"async\" aria-describedby=\"caption-attachment-126\" class=\"size-medium wp-image-126 \" title=\"Karl Zalazowski\" alt=\"\" src=\"http:\/\/www.calcoastal.org\/wp-content\/uploads\/2011\/07\/Karl-Zalazowski-224x300.jpg\" width=\"134\" height=\"180\" srcset=\"https:\/\/www.calcoastal.org\/wp-content\/uploads\/2011\/07\/Karl-Zalazowski-224x300.jpg 224w, https:\/\/www.calcoastal.org\/wp-content\/uploads\/2011\/07\/Karl-Zalazowski-765x1024.jpg 765w, https:\/\/www.calcoastal.org\/wp-content\/uploads\/2011\/07\/Karl-Zalazowski.jpg 957w\" sizes=\"auto, (max-width: 134px) 100vw, 134px\" \/><p id=\"caption-attachment-126\" class=\"wp-caption-text\">Karl Zalazowski<\/p><\/div>\n<\/td>\n<td valign=\"top\">\n<h2><strong>Karl Zalazowski<\/strong><\/h2>\n<p><strong>Presidente<\/strong><br \/> <strong><a href=\"mailto:karl_zalazowski@calcoastal.org\">karl_zalazowski@calcoastal.org<\/a><\/strong><br \/> <strong>(831) 676-2013<\/strong><\/p>\n<p>Como Presidente y Jefe Financiero Principal de Cal Coastal, Karl Zalazowski es el responsable gerencial del manejo y de los \u00e9xitos financieros: desde la visi\u00f3n y planeaci\u00f3n, hasta la ejecuci\u00f3n. Karl originalmente se adjunt\u00f3 a Cal Coastal como Jefe Financiero Principal en 1997. Fue ascendido a Presidente al principio de 2010. Trece a\u00f1os como Financiero Principal han dotado a Karl de un amplio conocimiento de las operaciones internas de Cal Coastal. Antes de involucrarse a Cal Coastal, Karl trabajo 17 a\u00f1os en el sector bancario en el Sur de California. Karl recibi\u00f3 su licenciatura universitaria en Administraci\u00f3n de Empresas\/Contadur\u00eda de la Universidad del Estado de California en Los \u00c1ngeles, y mantiene activa su licencia de CPA (Contador P\u00fablico) de California.<\/p>\n<\/td>\n<\/tr>\n<tr>\n<td valign=\"top\">\u00a0<\/td>\n<td valign=\"top\">\u00a0<\/td>\n<\/tr>\n<tr>\n<td valign=\"top\">\n<div id=\"attachment_127\" style=\"width: 144px\" class=\"wp-caption alignnone\"><img loading=\"lazy\" decoding=\"async\" aria-describedby=\"caption-attachment-127\" class=\"size-medium wp-image-127 \" title=\"Loree Van Bebber\" alt=\"Loree Van Bebber\" src=\"http:\/\/www.calcoastal.org\/wp-content\/uploads\/2011\/07\/Loree-Van-Bebber-224x300.jpg\" width=\"134\" height=\"180\" srcset=\"https:\/\/www.calcoastal.org\/wp-content\/uploads\/2011\/07\/Loree-Van-Bebber-224x300.jpg 224w, https:\/\/www.calcoastal.org\/wp-content\/uploads\/2011\/07\/Loree-Van-Bebber-765x1024.jpg 765w, https:\/\/www.calcoastal.org\/wp-content\/uploads\/2011\/07\/Loree-Van-Bebber.jpg 957w\" sizes=\"auto, (max-width: 134px) 100vw, 134px\" \/><p id=\"caption-attachment-127\" class=\"wp-caption-text\">Loree Van Bebber<\/p><\/div>\n<\/td>\n<td valign=\"top\">\n<p><strong><span style=\"font-size: medium;\" data-mce-mark=\"1\">Loree Van Bebber<\/span><\/strong><\/p>\n<p><strong>Jefe de Mercadeo<br \/><\/strong> <strong><a href=\"mailto:loree_vanbebber@calcoastal.org\">loree_vanbebber@calcoastal.org<\/a><\/strong><br \/> <strong>(831) 676-2005<\/strong><\/p>\n<p><span data-mce-mark=\"1\">Loree tiene m\u00e1s de 26 a\u00f1os de experiencia en con programas de cr\u00e9dito de la Agencia para Empresas de Peque\u00f1a Escala (SBA por las siglas en ingles de la Small Business Administraci\u00f3n), tanto con instituciones financieras peque\u00f1as como grandes. Loree tiene como sede de trabajo la oficina de Salinas, sin embargo trabaja junto con las oficinas de pr\u00e9stamo de varias instituciones por toda la zona central de California. Loree obtuvo su licenciatura en Administraci\u00f3n de Empresas, Mercadeo y Promoci\u00f3n\u00a0 de la Universidad del Estado de California en San Francisco.<\/span><\/p>\n<\/td>\n<\/tr>\n<tr>\n<td valign=\"top\">\n<p>&nbsp;<\/p>\n<\/td>\n<td valign=\"top\">\u00a0<\/td>\n<\/tr>\n<tr>\n<td valign=\"top\">\n<div id=\"attachment_1788\" style=\"width: 160px\" class=\"wp-caption alignnone\"><a href=\"http:\/\/www.calcoastal.org\/wp-content\/uploads\/2011\/07\/David-Dickinson-e1518552877872.jpg\"><img loading=\"lazy\" decoding=\"async\" aria-describedby=\"caption-attachment-1788\" class=\"size-thumbnail wp-image-1788\" alt=\"David Dickinson\" src=\"http:\/\/www.calcoastal.org\/wp-content\/uploads\/2011\/07\/David-Dickinson-150x150.jpg\" width=\"150\" height=\"150\" \/><\/a><p id=\"caption-attachment-1788\" class=\"wp-caption-text\">David Dickinson<\/p><\/div>\n<\/td>\n<td valign=\"top\">\n<h2>David Dickinson<\/h2>\n<p><strong>Oficial Principal de cr\u00e9dito<\/strong><br \/><a href=\"mailto:david_dickinson@calcoastal.org\" target=\"_blank\">david_dickinson@calcoastal.org<\/a><br \/>(805) 456-1040<\/p>\n<\/td>\n<\/tr>\n<tr>\n<td valign=\"top\">\u00a0<\/td>\n<td valign=\"top\">\u00a0<\/td>\n<\/tr>\n<tr>\n<td valign=\"top\">\n<div id=\"attachment_126\" style=\"width: 144px\" class=\"wp-caption alignnone\"><img loading=\"lazy\" decoding=\"async\" aria-describedby=\"caption-attachment-126\" title=\"Jose Guerra\" alt=\"Jose Guerra\" src=\"http:\/\/www.calcoastal.org\/wp-content\/uploads\/2011\/07\/Jose-Guerra-224x300.jpg\" width=\"134\" height=\"180\" \/><p id=\"caption-attachment-126\" class=\"wp-caption-text\">Jose Guerra<\/p><\/div>\n<\/td>\n<td valign=\"top\">\n<h2><strong>Jose Guerra<\/strong><\/h2>\n<p><strong>Oficial de pr\u00e9stamos para Agricultores<br \/><\/strong> <strong><a href=\"mailto:jose_guerra@calcoastal.org\">jose_guerra@calcoastal.org<\/a><\/strong><br \/> <strong>(831) 676-2020<\/strong><\/p>\n<p>Jos\u00e9 recibi\u00f3 su licenciatura de Ciencias en 1993 en estudios de Empresas Agr\u00edcolas de la Universidad Polit\u00e9cnica del Estado de California en San Luis Obispo. En 1994 inici\u00f3 su carrera en Cal Coastal como Analista de Cr\u00e9dito y ha avanzado hasta Oficial S\u00e9nior de Cr\u00e9dito Agr\u00edcola. Los cr\u00e9ditos que est\u00e1n a su cargo incluyen gran variedad de productos agropecuarios, tales como, verduras, fresas, uvas para vino, ganado, granos as\u00ed como otras, m\u00e1s diversos productos org\u00e1nicos. Los clientes agr\u00edcolas de Cal Coastal en su mayor\u00eda son biling\u00fces en espa\u00f1ol e ingl\u00e9s, de modo que verdaderamente agradecen a Jos\u00e9 su habilidad de tratarles en su idioma nativo.<\/p>\n<\/td>\n<\/tr>\n<tr>\n<td valign=\"top\">\u00a0<\/td>\n<td valign=\"top\">\u00a0<\/td>\n<\/tr>\n<tr>\n<td valign=\"top\">\n<div id=\"attachment_129\" style=\"width: 144px\" class=\"wp-caption alignnone\"><img loading=\"lazy\" decoding=\"async\" aria-describedby=\"caption-attachment-129\" title=\"Jocelyn Cardona\" alt=\"\" src=\"http:\/\/www.calcoastal.org\/wp-content\/uploads\/2011\/07\/Jocelyn-Cardona-2-e1319130990604.jpg\" width=\"134\" height=\"179\" \/><p id=\"caption-attachment-129\" class=\"wp-caption-text\">Jocelyn Cardona<\/p><\/div>\n<\/td>\n<td valign=\"top\">\n<h2>Jocelyn Cardona<\/h2>\n<p><strong>Asistente en Contabilidad<\/strong><br \/><a href=\"mailto:jocelyn_cardona@calcoastal.org\">jocelyn_cardona@calcoastal.org<\/a><br \/> (831) 676-2006<\/p>\n<p>&nbsp;<\/p>\n<\/td>\n<\/tr>\n<tr>\n<td valign=\"top\">\u00a0<\/td>\n<td valign=\"top\">\u00a0<\/td>\n<\/tr>\n<tr>\n<td valign=\"top\">\n<div id=\"attachment_389\" style=\"width: 144px\" class=\"wp-caption alignnone\"><a href=\"http:\/\/www.calcoastal.org\/wp-content\/uploads\/2011\/08\/Fred-Madison.jpg\"><img loading=\"lazy\" decoding=\"async\" aria-describedby=\"caption-attachment-389\" class=\"size-full wp-image-389\" alt=\"Fred Madison\" src=\"http:\/\/www.calcoastal.org\/wp-content\/uploads\/2011\/08\/Fred-Madison.jpg\" width=\"134\" height=\"179\" \/><\/a><p id=\"caption-attachment-389\" class=\"wp-caption-text\">Fred Madison<\/p><\/div>\n<\/td>\n<td valign=\"top\">\n<h2>Fred Madison\u00a0<\/h2>\n<p><strong>Gerente de Contabilidad<\/strong><br \/><a href=\"mailto:fred_madison@calcoastal.org\" target=\"_blank\">fred_madison@calcoastal.org<\/a><br \/>(831) 676-2009<\/p>\n<\/td>\n<\/tr>\n<tr>\n<td valign=\"top\">\n<p>&nbsp;<\/p>\n<\/td>\n<td valign=\"top\">\u00a0<\/td>\n<\/tr>\n<tr>\n<td valign=\"top\">\n<div id=\"attachment_1364\" style=\"width: 160px\" class=\"wp-caption aligncenter\"><a href=\"http:\/\/www.calcoastal.org\/wp-content\/uploads\/2011\/07\/Erich-Kortz-e1518557175934.jpg\"><img loading=\"lazy\" decoding=\"async\" aria-describedby=\"caption-attachment-1364\" class=\"size-thumbnail wp-image-1364\" alt=\"Erich Kortz\" src=\"http:\/\/www.calcoastal.org\/wp-content\/uploads\/2011\/07\/Erich-Kortz-150x150.jpg\" width=\"150\" height=\"150\" \/><\/a><p id=\"caption-attachment-1364\" class=\"wp-caption-text\">Erich Kortz<\/p><\/div>\n<\/td>\n<td valign=\"top\">\n<h2>Erich Kortz<\/h2>\n<p><strong>Oficial de pr\u00e9stamos<\/strong><br \/><a href=\"mailto:erich_kortz@calcoastal.org\" target=\"_blank\">erich_kortz@calcoastal.org<\/a><br \/>(805) 348-4166<\/p>\n<\/td>\n<\/tr>\n<tr>\n<td valign=\"top\">\u00a0<\/td>\n<td valign=\"top\">\u00a0<\/td>\n<\/tr>\n<tr>\n<td valign=\"top\">\n<div id=\"attachment_129\" style=\"width: 144px\" class=\"wp-caption alignnone\"><a href=\"http:\/\/www.calcoastal.org\/wp-content\/uploads\/2011\/08\/Patty-Merritt.jpg\"><img loading=\"lazy\" decoding=\"async\" aria-describedby=\"caption-attachment-129\" title=\"Patty Merritt\" alt=\"\" src=\"http:\/\/www.calcoastal.org\/wp-content\/uploads\/2011\/08\/Patty-Merritt.jpg\" width=\"134\" height=\"179\" \/><\/a><p id=\"caption-attachment-129\" class=\"wp-caption-text\">Patty Merritt<\/p><\/div>\n<\/td>\n<td valign=\"top\">\n<h2 style=\"font-size: 1.5em;\">Patty Merritt<\/h2>\n<p><strong>Especialista de Documentacion<\/strong> <br \/><a href=\"mailto:patty_merritt@calcoastal.org\">patty_merritt@calcoastal.org<\/a><br \/>(831) 676-2019<\/p>\n<\/td>\n<\/tr>\n<tr>\n<td valign=\"top\">\u00a0<\/td>\n<td valign=\"top\">\u00a0<\/td>\n<\/tr>\n<tr>\n<td valign=\"top\">\n<div id=\"attachment_1702\" style=\"width: 160px\" class=\"wp-caption alignleft\"><img loading=\"lazy\" decoding=\"async\" aria-describedby=\"caption-attachment-1702\" class=\"size-thumbnail wp-image-1702\" alt=\"Lisa Tegtmeier\" src=\"http:\/\/www.calcoastal.org\/wp-content\/uploads\/2011\/07\/Lisa-Tegtmeier-150x150.jpg\" width=\"150\" height=\"150\" \/><p id=\"caption-attachment-1702\" class=\"wp-caption-text\">Lisa Tegtmeier<\/p><\/div>\n<\/td>\n<td valign=\"top\">\n<h2>Lisa Tegtmeier<\/h2>\n<p><strong>Adminestrador del pr\u00e9stamo<\/strong>\u00a0<br \/><a href=\"mailto:lisa_tegtmeier@calcoastal.org\" target=\"_blank\">lisa_tegtmeier@calcoastal.org<\/a><br \/>(831) 676-2004<\/p>\n<\/td>\n<\/tr>\n<tr>\n<td valign=\"top\">\u00a0<\/td>\n<td valign=\"top\">\u00a0<\/td>\n<\/tr>\n<tr>\n<td valign=\"top\">\n<div id=\"attachment_129\" style=\"width: 144px\" class=\"wp-caption alignnone\"><a href=\"http:\/\/www.calcoastal.org\/wp-content\/uploads\/2011\/08\/Martha-Moreno.jpg\"><img loading=\"lazy\" decoding=\"async\" aria-describedby=\"caption-attachment-129\" title=\"Martha Moreno\" alt=\"\" src=\"http:\/\/www.calcoastal.org\/wp-content\/uploads\/2011\/08\/Martha-Moreno.jpg\" width=\"134\" height=\"179\" \/><\/a><p id=\"caption-attachment-129\" class=\"wp-caption-text\">Martha Moreno<\/p><\/div>\n<\/td>\n<td valign=\"top\">\n<h2 style=\"font-size: 1.5em;\">Martha Moreno<\/h2>\n<p><strong>Asistente Ejecutiva<\/strong><br \/><a href=\"mailto:martha_moreno@calcoastal.org\">martha_moreno@calcoastal.org<\/a><br \/>(805) 348-4164<\/p>\n<\/td>\n<\/tr>\n<tr>\n<td valign=\"top\">\u00a0<\/td>\n<td valign=\"top\">\u00a0<\/td>\n<\/tr>\n<tr>\n<td valign=\"top\">\n<div id=\"attachment_129\" style=\"width: 144px\" class=\"wp-caption alignnone\"><a href=\"http:\/\/www.calcoastal.org\/wp-content\/uploads\/2011\/08\/Sharon-Pullar.jpg\"><img loading=\"lazy\" decoding=\"async\" aria-describedby=\"caption-attachment-129\" title=\"Sharon Pullar\" alt=\"\" src=\"http:\/\/www.calcoastal.org\/wp-content\/uploads\/2011\/08\/Sharon-Pullar.jpg\" width=\"134\" height=\"179\" \/><\/a><p id=\"caption-attachment-129\" class=\"wp-caption-text\">Sharon Pullar<\/p><\/div>\n<\/td>\n<td valign=\"top\">\n<h2 style=\"font-size: 1.5em;\">Sharon Pullar<\/h2>\n<p><strong>Asistente Ejecutiva<\/strong><br \/><a href=\"mailto:sharon_pullar@calcoastal.org\">sharon_pullar@calcoastal.org<\/a><br \/>(831) 676-2031<\/p>\n<\/td>\n<\/tr>\n<tr>\n<td valign=\"top\">\n<p><span style=\"font-size: small;\" data-mce-mark=\"1\">\u00a0<\/span><\/p>\n<\/td>\n<td valign=\"top\">\n<p style=\"font-size: 1.5em;\"><span style=\"font-size: small;\" data-mce-mark=\"1\">\u00a0<\/span><\/p>\n<\/td>\n<\/tr>\n<tr>\n<td valign=\"top\">\n<div id=\"attachment_1890\" style=\"width: 138px\" class=\"wp-caption alignleft\"><img loading=\"lazy\" decoding=\"async\" aria-describedby=\"caption-attachment-1890\" class=\"size-thumbnail wp-image-1890\" alt=\"Patricia Chavez\" src=\"http:\/\/www.calcoastal.org\/wp-content\/uploads\/2011\/07\/Patricia-Chavez-sm-128x150.jpg\" width=\"128\" height=\"150\" \/><p id=\"caption-attachment-1890\" class=\"wp-caption-text\">Patricia Chavez<\/p><\/div>\n<\/td>\n<td valign=\"top\">\n<h2>Patricia Chavez<\/h2>\n<p><strong>de An\u00e1lisis Crediticio<\/strong><br \/><a href=\"mailto:patricia_chavez@calcoastal.org\" target=\"_blank\">patricia_chavez@calcoastal.org<\/a><a href=\"mailto:sharon_pullar@calcoastal.org\"><br \/><\/a>(831) 676-2003<\/p>\n<p style=\"font-size: 1.5em;\">\u00a0<\/p>\n<\/td>\n<\/tr>\n<tr>\n<td valign=\"top\">\u00a0<\/td>\n<td valign=\"top\">\n<p style=\"font-size: 1.5em;\">\u00a0<\/p>\n<\/td>\n<\/tr>\n<\/tbody>\n<\/table>\n","protected":false},"excerpt":{"rendered":"<p>Karl Zalazowski Presidente karl_zalazowski@calcoastal.org (831) 676-2013 Como Presidente y Jefe Financiero Principal de Cal Coastal, Karl Zalazowski es el responsable gerencial del manejo y de los \u00e9xitos financieros: desde la visi\u00f3n y planeaci\u00f3n, hasta la ejecuci\u00f3n. Karl originalmente se adjunt\u00f3 a Cal Coastal como Jefe Financiero Principal en 1997. Fue ascendido a Presidente al principio [&hellip;]<\/p>\n","protected":false},"author":1,"featured_media":0,"parent":678,"menu_order":0,"comment_status":"open","ping_status":"open","template":"tpl-staff.php","meta":{"_acf_changed":false,"footnotes":"","_links_to":"","_links_to_target":""},"class_list":["post-774","page","type-page","status-publish","hentry"],"acf":[],"aioseo_notices":[],"_links":{"self":[{"href":"https:\/\/www.calcoastal.org\/es\/wp-json\/wp\/v2\/pages\/774","targetHints":{"allow":["GET"]}}],"collection":[{"href":"https:\/\/www.calcoastal.org\/es\/wp-json\/wp\/v2\/pages"}],"about":[{"href":"https:\/\/www.calcoastal.org\/es\/wp-json\/wp\/v2\/types\/page"}],"author":[{"embeddable":true,"href":"https:\/\/www.calcoastal.org\/es\/wp-json\/wp\/v2\/users\/1"}],"replies":[{"embeddable":true,"href":"https:\/\/www.calcoastal.org\/es\/wp-json\/wp\/v2\/comments?post=774"}],"version-history":[{"count":17,"href":"https:\/\/www.calcoastal.org\/es\/wp-json\/wp\/v2\/pages\/774\/revisions"}],"predecessor-version":[{"id":2118,"href":"https:\/\/www.calcoastal.org\/es\/wp-json\/wp\/v2\/pages\/774\/revisions\/2118"}],"up":[{"embeddable":true,"href":"https:\/\/www.calcoastal.org\/es\/wp-json\/wp\/v2\/pages\/678"}],"wp:attachment":[{"href":"https:\/\/www.calcoastal.org\/es\/wp-json\/wp\/v2\/media?parent=774"}],"curies":[{"name":"wp","href":"https:\/\/api.w.org\/{rel}","templated":true}]}}