{"id":853,"date":"2012-03-19T12:19:50","date_gmt":"2012-03-19T19:19:50","guid":{"rendered":"http:\/\/www.calcoastal.org\/?page_id=853"},"modified":"2024-02-06T10:57:59","modified_gmt":"2024-02-06T18:57:59","slug":"garantia-de-prestamos","status":"publish","type":"page","link":"https:\/\/www.calcoastal.org\/es\/programas-de-prestamo\/garantia-de-prestamos\/","title":{"rendered":"Garant\u00eda de Prestamos"},"content":{"rendered":"<h2>Garant\u00eda de Prestamos<\/h2>\n<p><strong>DESCRIPCION<br \/>\n<\/strong>Promover el desarrollo de las empresas de peque\u00f1a escala, con especial \u00e9nfasis en asistencia a aquellas que crean o conservan empleos.<\/p>\n<p><strong>USO DE FONDOS<br \/>\n<\/strong>Para pagar gastos de inventario, cuentas activas, adquisici\u00f3n de equipo, producci\u00f3n agr\u00edcola, l\u00edneas de cr\u00e9dito, en pr\u00e9stamos de plazo corto o medio.<\/p>\n<p><strong>REQUISITOS<br \/>\n<\/strong>El prestatario debe de haber recibido un compromiso por un ente financiero dispuesto a participar en el Programa de Garant\u00eda de Pr\u00e9stamos.<\/p>\n<p><strong>MINIMAS Y MAXIMAS CANTIDADES<br \/>\n<\/strong>El valor de la garant\u00eda puede ser hasta $2,500,000 para cada proyecto de negocio.<\/p>\n<p><strong>VENCIMIENTO DE PRESTANO<br \/>\n<\/strong>Un m\u00e1ximo de un a\u00f1o en l\u00edneas de cr\u00e9dito. Siete a\u00f1os en pr\u00e9stamos con t\u00e9rminos de pago.<\/p>\n<p><strong>TAZA DE REDITO DE INTERES<\/strong><\/p>\n<p>La taza de r\u00e9dito de inter\u00e9s es seg\u00fan el mercado, por ser negociado con el antes financiero que participa en el Programa.<\/p>\n<p><strong>GARANTIA<\/strong><\/p>\n<p>Se gravan activos disponibles y propiedad personal del\u00a0 due\u00f1o, inclusive maquinaria y equipo, cuentas activas, inventario y bienes ra\u00edces.<\/p>\n<p><strong>CUOTAS\/CARGOS<\/strong><\/p>\n<p>El 2.50% del valor de monto garantizado del pr\u00e9stamo, m\u00e1s $250 como costo\/cargo de documentaci\u00f3n.<\/p>\n<p><strong>SOLICITUD<\/strong><\/p>\n<ul>\n<li><strong><a href=\"http:\/\/www.calcoastal.org\/wp-content\/uploads\/2011\/06\/SBA-Micro_IRP_Full.pdf\"><span style=\"color: #003366;\"><a href=\"https:\/\/www.calcoastal.org\/wp-content\/uploads\/2024\/02\/Complete-Application-1-10-2024.pdf\" target=\"_blank\" rel=\"noopener\">Complete Application 1-10-2024<\/a><\/span><\/a><\/strong><\/li>\n<\/ul>\n","protected":false},"excerpt":{"rendered":"<p>Garant\u00eda de Prestamos DESCRIPCION Promover el desarrollo de las empresas de peque\u00f1a escala, con especial \u00e9nfasis en asistencia a aquellas que crean o conservan empleos. USO DE FONDOS Para pagar gastos de inventario, cuentas activas, adquisici\u00f3n de equipo, producci\u00f3n agr\u00edcola, l\u00edneas de cr\u00e9dito, en pr\u00e9stamos de plazo corto o medio. REQUISITOS El prestatario debe de [&hellip;]<\/p>\n","protected":false},"author":1,"featured_media":0,"parent":708,"menu_order":13,"comment_status":"open","ping_status":"closed","template":"","meta":{"_acf_changed":false,"footnotes":"","_links_to":"","_links_to_target":""},"class_list":["post-853","page","type-page","status-publish","hentry"],"acf":[],"aioseo_notices":[],"_links":{"self":[{"href":"https:\/\/www.calcoastal.org\/es\/wp-json\/wp\/v2\/pages\/853","targetHints":{"allow":["GET"]}}],"collection":[{"href":"https:\/\/www.calcoastal.org\/es\/wp-json\/wp\/v2\/pages"}],"about":[{"href":"https:\/\/www.calcoastal.org\/es\/wp-json\/wp\/v2\/types\/page"}],"author":[{"embeddable":true,"href":"https:\/\/www.calcoastal.org\/es\/wp-json\/wp\/v2\/users\/1"}],"replies":[{"embeddable":true,"href":"https:\/\/www.calcoastal.org\/es\/wp-json\/wp\/v2\/comments?post=853"}],"version-history":[{"count":13,"href":"https:\/\/www.calcoastal.org\/es\/wp-json\/wp\/v2\/pages\/853\/revisions"}],"predecessor-version":[{"id":3062,"href":"https:\/\/www.calcoastal.org\/es\/wp-json\/wp\/v2\/pages\/853\/revisions\/3062"}],"up":[{"embeddable":true,"href":"https:\/\/www.calcoastal.org\/es\/wp-json\/wp\/v2\/pages\/708"}],"wp:attachment":[{"href":"https:\/\/www.calcoastal.org\/es\/wp-json\/wp\/v2\/media?parent=853"}],"curies":[{"name":"wp","href":"https:\/\/api.w.org\/{rel}","templated":true}]}}